{"id":2,"date":"2024-05-08T14:51:02","date_gmt":"2024-05-08T14:51:02","guid":{"rendered":"https:\/\/travelezee.app\/?page_id=2"},"modified":"2024-10-09T01:22:51","modified_gmt":"2024-10-09T01:22:51","slug":"privacy-policy","status":"publish","type":"page","link":"https:\/\/travelezee.app\/fr\/privacy-policy\/","title":{"rendered":"Politique de confidentialit\u00e9"},"content":{"rendered":"<div data-elementor-type=\"wp-page\" data-elementor-id=\"2\" class=\"elementor elementor-2\" data-elementor-post-type=\"page\">\n\t\t\t\t<div class=\"elementor-element elementor-element-267e666 e-flex e-con-boxed e-con e-parent\" data-id=\"267e666\" data-element_type=\"container\" data-e-type=\"container\" data-settings=\"{&quot;jet_parallax_layout_list&quot;:[]}\">\n\t\t\t\t\t<div class=\"e-con-inner\">\n\t\t\t\t<div class=\"elementor-element elementor-element-fae1d77 elementor-widget elementor-widget-heading\" data-id=\"fae1d77\" data-element_type=\"widget\" data-e-type=\"widget\" data-widget_type=\"heading.default\">\n\t\t\t\t<div class=\"elementor-widget-container\">\n\t\t\t\t\t<h1 class=\"elementor-heading-title elementor-size-default\">Politique de confidentialit\u00e9 de Travelezee<\/h1>\t\t\t\t<\/div>\n\t\t\t\t<\/div>\n\t\t\t\t\t<\/div>\n\t\t\t\t<\/div>\n\t\t<div class=\"elementor-element elementor-element-5fd98d89 e-flex e-con-boxed e-con e-parent\" data-id=\"5fd98d89\" data-element_type=\"container\" data-e-type=\"container\" data-settings=\"{&quot;jet_parallax_layout_list&quot;:[]}\">\n\t\t\t\t\t<div class=\"e-con-inner\">\n\t\t\t\t<div class=\"elementor-element elementor-element-7de4559e elementor-widget elementor-widget-text-editor\" data-id=\"7de4559e\" data-element_type=\"widget\" data-e-type=\"widget\" data-widget_type=\"text-editor.default\">\n\t\t\t\t<div class=\"elementor-widget-container\">\n\t\t\t\t\t\t\t\t\t<p>Cette politique de confidentialit\u00e9 s'applique \u00e0 l'application Travelezee disponible sur Google Play Store et \u00e0 l'int\u00e9rieur de l'application elle-m\u00eame. Ce document n'est pas modifiable et est accessible au public \u00e0 l'adresse https:\/\/travelezee.app\/privacy-policy\/. <a href=\"https:\/\/travelezee.app\/fr\/privacy-policy\/\">https:\/\/travelezee.app\/privacy-policy\/<\/a>.<\/p><p>Chez Travelezee, nous appr\u00e9cions et respectons la vie priv\u00e9e de nos utilisateurs. Cette politique de confidentialit\u00e9 d\u00e9crit comment nous recueillons, utilisons et prot\u00e9geons les informations personnelles que vous nous fournissez lorsque vous utilisez notre plateforme interactive pour planifier et organiser des itin\u00e9raires de voyage.<\/p><p><strong>1. Les informations que nous recueillons :<\/strong> Lorsque vous vous inscrivez sur Travelezee, nous recueillons des informations personnelles telles que votre nom, votre adresse e-mail et vos pr\u00e9f\u00e9rences de voyage. Nous recueillons \u00e9galement des informations sur vos interactions avec la plateforme, telles que vos recherches, vos interactions sociales et vos activit\u00e9s de planification de voyage.<\/p><p><strong>2. Utilisation des informations :<\/strong> Nous utilisons les informations collect\u00e9es pour vous offrir une exp\u00e9rience personnalis\u00e9e de Travelezee, y compris des recommandations de destinations, d'activit\u00e9s et de connexions avec d'autres voyageurs. Vos informations peuvent \u00e9galement \u00eatre utilis\u00e9es pour am\u00e9liorer nos services, d\u00e9velopper de nouvelles fonctionnalit\u00e9s et effectuer des analyses afin de mieux comprendre les besoins et les pr\u00e9f\u00e9rences de nos utilisateurs.<\/p><p><strong>3. Partage d'informations :<\/strong> Nous partageons des informations avec des tiers uniquement dans la mesure o\u00f9 cela est n\u00e9cessaire pour vous fournir nos services. Il peut s'agir de fournisseurs de services en nuage (par exemple, Amazon Web Services), de services d'analyse (par exemple, Google Analytics) et de processeurs de paiement (par exemple, Stripe). Nous ne vendons pas, ne louons pas et ne partageons pas vos informations personnelles avec des tiers \u00e0 des fins de marketing sans votre consentement explicite.<\/p><p><strong>4. S\u00e9curit\u00e9 de l'information :<\/strong> Nous mettons en \u0153uvre des mesures de s\u00e9curit\u00e9 conformes aux normes industrielles, notamment le cryptage des donn\u00e9es en transit et au repos, l'authentification multifactorielle pour les comptes d'utilisateur et des audits de s\u00e9curit\u00e9 r\u00e9guliers afin de prot\u00e9ger vos informations personnelles contre tout acc\u00e8s non autoris\u00e9, toute perte ou toute alt\u00e9ration. Toutefois, vous devez savoir qu'aucune transmission de donn\u00e9es sur l'internet ou m\u00e9thode de stockage \u00e9lectronique n'est totalement s\u00fbre.<\/p><p><strong>5. Droit \u00e0 la vie priv\u00e9e :<\/strong> Vous avez le droit d'acc\u00e9der \u00e0 vos informations personnelles, de les corriger ou de les supprimer \u00e0 tout moment. Vous pouvez g\u00e9rer vos pr\u00e9f\u00e9rences en mati\u00e8re de confidentialit\u00e9 et de notifications dans les param\u00e8tres de votre compte Travelezee.<\/p><p><strong>6. Types de donn\u00e9es et leur utilisation :<\/strong> Travelezee acc\u00e8de, collecte, utilise et partage les types de donn\u00e9es utilisateur suivants :<\/p><ul><li>Donn\u00e9es personnelles : nom, adresse \u00e9lectronique, pr\u00e9f\u00e9rences de voyage<\/li><li>Donn\u00e9es d'utilisation : recherches, interactions sociales, activit\u00e9s de planification<\/li><li>Donn\u00e9es relatives \u00e0 l'appareil : type d'appareil, syst\u00e8me d'exploitation, identifiants uniques<\/li><\/ul><p>Ces donn\u00e9es sont utilis\u00e9es pour fournir et am\u00e9liorer nos services, personnaliser l'exp\u00e9rience de l'utilisateur et effectuer des analyses d'utilisation. Nous ne partageons pas de donn\u00e9es personnelles ou sensibles avec des tiers, \u00e0 l'exception des fournisseurs de services n\u00e9cessaires au fonctionnement de l'application.<\/p><p><strong>7. Proc\u00e9dures de s\u00e9curit\u00e9 :<\/strong> Nous utilisons le cryptage des donn\u00e9es, l'authentification des utilisateurs et une surveillance constante de la s\u00e9curit\u00e9 pour prot\u00e9ger les donn\u00e9es personnelles et sensibles des utilisateurs. Nos mesures de s\u00e9curit\u00e9 sont r\u00e9guli\u00e8rement mises \u00e0 jour pour r\u00e9pondre aux normes et aux meilleures pratiques du secteur.<\/p><p><strong>8. Politique de conservation et de suppression des donn\u00e9es :<\/strong> Nous conservons les donn\u00e9es de l'utilisateur tant que le compte est actif. Les utilisateurs peuvent demander la suppression de leurs donn\u00e9es \u00e0 tout moment. Pour demander la suppression de vos donn\u00e9es, veuillez consulter notre page de demande de suppression des donn\u00e9es \u00e0 l'adresse suivante <a href=\"https:\/\/travelezee.app\/fr\/request-for-removal-of-user-data\/\">https:\/\/travelezee.app\/request-for-removal-of-user-data\/<\/a> <a href=\"https:\/\/travelezee.app\/fr\/request-for-removal-of-user-data\/\">\u00a0<\/a>ou naviguez jusqu'\u00e0 l'option \u00ab Supprimer le compte \u00bb dans les param\u00e8tres de votre application. \u00c0 la suite d'une demande de suppression, les donn\u00e9es seront effac\u00e9es de nos syst\u00e8mes actifs dans un d\u00e9lai de 30 jours, et de nos sauvegardes dans un d\u00e9lai de 90 jours.<\/p><p><strong>9. Contact:<\/strong> Si vous avez des questions ou des inqui\u00e9tudes concernant notre politique de confidentialit\u00e9, n'h\u00e9sitez pas \u00e0 nous contacter :<\/p><ul><li><b>E-mail<\/b>: <a href=\"mailto:contact@travelezee.com\">contact@travelezee.com<\/a><\/li><li><b>T\u00e9l\u00e9phone<\/b>: +33 6 52 19 64 49<\/li><li><b>Address<\/b>: 20 Rue Louis Hestaux, 57070, Metz, France<\/li><\/ul><p>En utilisant Travelezee, vous acceptez notre politique de confidentialit\u00e9 et le traitement de vos informations personnelles conform\u00e9ment aux conditions d\u00e9crites ci-dessus. Cette politique de confidentialit\u00e9 est \u00e9galement disponible dans l'application Travelezee sous la section \u00ab Politique de confidentialit\u00e9 \u00bb dans les param\u00e8tres de l'application.<\/p>\t\t\t\t\t\t\t\t<\/div>\n\t\t\t\t<\/div>\n\t\t\t\t\t<\/div>\n\t\t\t\t<\/div>\n\t\t\t\t<\/div>","protected":false},"excerpt":{"rendered":"<p>Travelezee Privacy Policy This Privacy Policy applies to the Travelezee application available on Google Play Store and within the app itself. This document is non-editable and publicly accessible at https:\/\/travelezee.app\/privacy-policy\/. At Travelezee, we value and respect the privacy of our users. This privacy policy describes how we collect, use, and protect the personal information you [&hellip;]<\/p>","protected":false},"author":1,"featured_media":0,"parent":0,"menu_order":0,"comment_status":"closed","ping_status":"closed","template":"","meta":{"footnotes":""},"class_list":["post-2","page","type-page","status-publish","hentry"],"yoast_head":"<!-- This site is optimized with the Yoast SEO plugin v27.2 - https:\/\/yoast.com\/product\/yoast-seo-wordpress\/ -->\n<title>Privacy Policy - Travelezee<\/title>\n<meta name=\"robots\" content=\"index, follow, max-snippet:-1, max-image-preview:large, max-video-preview:-1\" \/>\n<link rel=\"canonical\" href=\"https:\/\/travelezee.app\/fr\/privacy-policy\/\" \/>\n<meta property=\"og:locale\" content=\"fr_FR\" \/>\n<meta property=\"og:type\" content=\"article\" \/>\n<meta property=\"og:title\" content=\"Privacy Policy - Travelezee\" \/>\n<meta property=\"og:description\" content=\"Travelezee Privacy Policy This Privacy Policy applies to the Travelezee application available on Google Play Store and within the app itself. This document is non-editable and publicly accessible at https:\/\/travelezee.app\/privacy-policy\/. At Travelezee, we value and respect the privacy of our users. This privacy policy describes how we collect, use, and protect the personal information you [&hellip;]\" \/>\n<meta property=\"og:url\" content=\"https:\/\/travelezee.app\/fr\/privacy-policy\/\" \/>\n<meta property=\"og:site_name\" content=\"Travelezee\" \/>\n<meta property=\"article:publisher\" content=\"https:\/\/www.facebook.com\/profile.php?id=61560470984257\" \/>\n<meta property=\"article:modified_time\" content=\"2024-10-09T01:22:51+00:00\" \/>\n<meta name=\"twitter:card\" content=\"summary_large_image\" \/>\n<meta name=\"twitter:label1\" content=\"Dur\u00e9e de lecture estim\u00e9e\" \/>\n\t<meta name=\"twitter:data1\" content=\"3 minutes\" \/>\n<script type=\"application\/ld+json\" class=\"yoast-schema-graph\">{\"@context\":\"https:\/\/schema.org\",\"@graph\":[{\"@type\":\"WebPage\",\"@id\":\"https:\/\/travelezee.app\/privacy-policy\/\",\"url\":\"https:\/\/travelezee.app\/privacy-policy\/\",\"name\":\"Privacy Policy - Travelezee\",\"isPartOf\":{\"@id\":\"https:\/\/travelezee.app\/#website\"},\"datePublished\":\"2024-05-08T14:51:02+00:00\",\"dateModified\":\"2024-10-09T01:22:51+00:00\",\"breadcrumb\":{\"@id\":\"https:\/\/travelezee.app\/privacy-policy\/#breadcrumb\"},\"inLanguage\":\"fr-FR\",\"potentialAction\":[{\"@type\":\"ReadAction\",\"target\":[\"https:\/\/travelezee.app\/privacy-policy\/\"]}]},{\"@type\":\"BreadcrumbList\",\"@id\":\"https:\/\/travelezee.app\/privacy-policy\/#breadcrumb\",\"itemListElement\":[{\"@type\":\"ListItem\",\"position\":1,\"name\":\"Home\",\"item\":\"https:\/\/travelezee.app\/\"},{\"@type\":\"ListItem\",\"position\":2,\"name\":\"Privacy Policy\"}]},{\"@type\":\"WebSite\",\"@id\":\"https:\/\/travelezee.app\/#website\",\"url\":\"https:\/\/travelezee.app\/\",\"name\":\"Travelezee\",\"description\":\"\",\"publisher\":{\"@id\":\"https:\/\/travelezee.app\/#organization\"},\"potentialAction\":[{\"@type\":\"SearchAction\",\"target\":{\"@type\":\"EntryPoint\",\"urlTemplate\":\"https:\/\/travelezee.app\/?s={search_term_string}\"},\"query-input\":{\"@type\":\"PropertyValueSpecification\",\"valueRequired\":true,\"valueName\":\"search_term_string\"}}],\"inLanguage\":\"fr-FR\"},{\"@type\":\"Organization\",\"@id\":\"https:\/\/travelezee.app\/#organization\",\"name\":\"Travelezee\",\"url\":\"https:\/\/travelezee.app\/\",\"logo\":{\"@type\":\"ImageObject\",\"inLanguage\":\"fr-FR\",\"@id\":\"https:\/\/travelezee.app\/#\/schema\/logo\/image\/\",\"url\":\"https:\/\/travelezee.app\/wp-content\/uploads\/2024\/05\/logo-1.webp\",\"contentUrl\":\"https:\/\/travelezee.app\/wp-content\/uploads\/2024\/05\/logo-1.webp\",\"width\":593,\"height\":166,\"caption\":\"Travelezee\"},\"image\":{\"@id\":\"https:\/\/travelezee.app\/#\/schema\/logo\/image\/\"},\"sameAs\":[\"https:\/\/www.facebook.com\/profile.php?id=61560470984257\",\"https:\/\/www.instagram.com\/traveleze.app\/\"]}]}<\/script>\n<!-- \/ Yoast SEO plugin. -->","yoast_head_json":{"title":"Privacy Policy - Travelezee","robots":{"index":"index","follow":"follow","max-snippet":"max-snippet:-1","max-image-preview":"max-image-preview:large","max-video-preview":"max-video-preview:-1"},"canonical":"https:\/\/travelezee.app\/fr\/privacy-policy\/","og_locale":"fr_FR","og_type":"article","og_title":"Privacy Policy - Travelezee","og_description":"Travelezee Privacy Policy This Privacy Policy applies to the Travelezee application available on Google Play Store and within the app itself. This document is non-editable and publicly accessible at https:\/\/travelezee.app\/privacy-policy\/. At Travelezee, we value and respect the privacy of our users. This privacy policy describes how we collect, use, and protect the personal information you [&hellip;]","og_url":"https:\/\/travelezee.app\/fr\/privacy-policy\/","og_site_name":"Travelezee","article_publisher":"https:\/\/www.facebook.com\/profile.php?id=61560470984257","article_modified_time":"2024-10-09T01:22:51+00:00","twitter_card":"summary_large_image","twitter_misc":{"Dur\u00e9e de lecture estim\u00e9e":"3 minutes"},"schema":{"@context":"https:\/\/schema.org","@graph":[{"@type":"WebPage","@id":"https:\/\/travelezee.app\/privacy-policy\/","url":"https:\/\/travelezee.app\/privacy-policy\/","name":"Privacy Policy - Travelezee","isPartOf":{"@id":"https:\/\/travelezee.app\/#website"},"datePublished":"2024-05-08T14:51:02+00:00","dateModified":"2024-10-09T01:22:51+00:00","breadcrumb":{"@id":"https:\/\/travelezee.app\/privacy-policy\/#breadcrumb"},"inLanguage":"fr-FR","potentialAction":[{"@type":"ReadAction","target":["https:\/\/travelezee.app\/privacy-policy\/"]}]},{"@type":"BreadcrumbList","@id":"https:\/\/travelezee.app\/privacy-policy\/#breadcrumb","itemListElement":[{"@type":"ListItem","position":1,"name":"Home","item":"https:\/\/travelezee.app\/"},{"@type":"ListItem","position":2,"name":"Privacy Policy"}]},{"@type":"WebSite","@id":"https:\/\/travelezee.app\/#website","url":"https:\/\/travelezee.app\/","name":"Travelezee","description":"","publisher":{"@id":"https:\/\/travelezee.app\/#organization"},"potentialAction":[{"@type":"SearchAction","target":{"@type":"EntryPoint","urlTemplate":"https:\/\/travelezee.app\/?s={search_term_string}"},"query-input":{"@type":"PropertyValueSpecification","valueRequired":true,"valueName":"search_term_string"}}],"inLanguage":"fr-FR"},{"@type":"Organization","@id":"https:\/\/travelezee.app\/#organization","name":"Travelezee","url":"https:\/\/travelezee.app\/","logo":{"@type":"ImageObject","inLanguage":"fr-FR","@id":"https:\/\/travelezee.app\/#\/schema\/logo\/image\/","url":"https:\/\/travelezee.app\/wp-content\/uploads\/2024\/05\/logo-1.webp","contentUrl":"https:\/\/travelezee.app\/wp-content\/uploads\/2024\/05\/logo-1.webp","width":593,"height":166,"caption":"Travelezee"},"image":{"@id":"https:\/\/travelezee.app\/#\/schema\/logo\/image\/"},"sameAs":["https:\/\/www.facebook.com\/profile.php?id=61560470984257","https:\/\/www.instagram.com\/traveleze.app\/"]}]}},"_links":{"self":[{"href":"https:\/\/travelezee.app\/fr\/wp-json\/wp\/v2\/pages\/2","targetHints":{"allow":["GET"]}}],"collection":[{"href":"https:\/\/travelezee.app\/fr\/wp-json\/wp\/v2\/pages"}],"about":[{"href":"https:\/\/travelezee.app\/fr\/wp-json\/wp\/v2\/types\/page"}],"author":[{"embeddable":true,"href":"https:\/\/travelezee.app\/fr\/wp-json\/wp\/v2\/users\/1"}],"replies":[{"embeddable":true,"href":"https:\/\/travelezee.app\/fr\/wp-json\/wp\/v2\/comments?post=2"}],"version-history":[{"count":47,"href":"https:\/\/travelezee.app\/fr\/wp-json\/wp\/v2\/pages\/2\/revisions"}],"predecessor-version":[{"id":1475,"href":"https:\/\/travelezee.app\/fr\/wp-json\/wp\/v2\/pages\/2\/revisions\/1475"}],"wp:attachment":[{"href":"https:\/\/travelezee.app\/fr\/wp-json\/wp\/v2\/media?parent=2"}],"curies":[{"name":"wp","href":"https:\/\/api.w.org\/{rel}","templated":true}]}}